{"id":546,"date":"2015-11-05T06:03:59","date_gmt":"2015-11-05T06:03:59","guid":{"rendered":"http:\/\/unittest3.loc\/?page_id=546"},"modified":"2025-11-13T11:02:00","modified_gmt":"2025-11-13T15:02:00","slug":"service","status":"publish","type":"page","link":"https:\/\/caboyachtlife.com\/es\/service\/","title":{"rendered":"Servicios y Paquetes"},"content":{"rendered":"<div class=\"wpb-content-wrapper\"><div class=\"vc_row wpb_row vc_row-fluid vc_custom_1714247736291\"><div class=\"wpb_column vc_column_container vc_col-sm-12\"><div class=\"vc_column-inner vc_custom_1446724718390\"><div class=\"wpb_wrapper\"><h1 style=\"font-size: 50px;line-height: 50px;text-align: center\" class=\"vc_custom_heading vc_do_custom_heading vc_custom_1646580088075\" >CENTRO DE SERVICIO CABO YACHT LIFE<\/h1>\n\t<div class=\"wpb_text_column wpb_content_element\" >\n\t\t<div class=\"wpb_wrapper\">\n\t\t\t<div style=\"text-align: center; font-size: 20px;\">Cabo Yacht Life lleva el servicio de navegaci\u00f3n VIP a otro nivel.<br \/>\nSi\u00e9ntese, rel\u00e1jese y perm\u00edtanos crear recuerdos inolvidables juntos.<br \/>\nLl\u00e1menos para programar un alquiler privado en cualquiera de nuestros yates.<\/div>\n\n\t\t<\/div>\n\t<\/div>\n\n\t<div class=\"wpb_raw_code wpb_raw_html wpb_content_element\" >\n\t\t<div class=\"wpb_wrapper\">\n\t\t\t<link rel=\"preload\" href=\"\/wp-content\/plugins\/js_composer\/assets\/lib\/bower\/font-awesome\/css\/all.min.css?ver=6.7.0\" as=\"style\" onload=\"this.onload=null;this.rel='stylesheet'\">\n\t\t<\/div>\n\t<\/div>\n<\/div><\/div><\/div><\/div><section data-vc-full-width=\"true\" data-vc-full-width-temp=\"true\" data-vc-full-width-init=\"false\" data-vc-parallax=\"1.5\" data-vc-parallax-o-fade=\"on\" class=\"vc_section vc_custom_1714247783302 vc_section-has-fill vc_general vc_parallax vc_parallax-content-moving-fade js-vc_parallax-o-fade\"><div data-vc-full-width=\"true\" data-vc-full-width-temp=\"true\" data-vc-full-width-init=\"false\" class=\"vc_row wpb_row vc_row-fluid bg-fixed vc_custom_1714246515892 vc_row-has-fill\"><div class=\"wpb_column vc_column_container vc_col-sm-4\"><div class=\"vc_column-inner\"><div class=\"wpb_wrapper\">\n\t<div  class=\"wpb_single_image wpb_content_element vc_align_left\">\n\t\t\n\t\t<figure class=\"wpb_wrapper vc_figure\">\n\t\t\t<div class=\"vc_single_image-wrapper   vc_box_border_grey layzr-bg\"><img loading=\"lazy\" decoding=\"async\" width=\"1280\" height=\"960\" src=\"data:image\/svg+xml;charset=utf-8,%3Csvg xmlns%3D'http%3A%2F%2Fwww.w3.org%2F2000%2Fsvg' viewBox%3D'0 0 1280 960'%2F%3E\" data-src=\"https:\/\/caboyachtlife.com\/wp-content\/uploads\/2019\/09\/Attachment_1568349971.jpeg\" class=\"lazy-load vc_single_image-img attachment-full\" alt=\"\" title=\"Attachment_1568349971\" data-srcset=\"https:\/\/caboyachtlife.com\/wp-content\/uploads\/2019\/09\/Attachment_1568349971.jpeg 1280w, https:\/\/caboyachtlife.com\/wp-content\/uploads\/2019\/09\/Attachment_1568349971-300x225.jpeg 300w, https:\/\/caboyachtlife.com\/wp-content\/uploads\/2019\/09\/Attachment_1568349971-768x576.jpeg 768w, https:\/\/caboyachtlife.com\/wp-content\/uploads\/2019\/09\/Attachment_1568349971-1024x768.jpeg 1024w, https:\/\/caboyachtlife.com\/wp-content\/uploads\/2019\/09\/Attachment_1568349971-610x458.jpeg 610w, https:\/\/caboyachtlife.com\/wp-content\/uploads\/2019\/09\/Attachment_1568349971-24x18.jpeg 24w, https:\/\/caboyachtlife.com\/wp-content\/uploads\/2019\/09\/Attachment_1568349971-36x27.jpeg 36w, https:\/\/caboyachtlife.com\/wp-content\/uploads\/2019\/09\/Attachment_1568349971-48x36.jpeg 48w\" sizes=\"auto, (max-width: 1280px) 100vw, 1280px\"  data-dt-location=\"https:\/\/caboyachtlife.com\/es\/?attachment_id=3690\" \/><\/div>\n\t\t<\/figure>\n\t<\/div>\n<h4 style=\"color: #ffffff;text-align: left\" class=\"vc_custom_heading vc_do_custom_heading\" >NUESTROS INCRE\u00cdBLES TACOS<\/h4>\n\t<div class=\"wpb_text_column wpb_content_element\" >\n\t\t<div class=\"wpb_wrapper\">\n\t\t\t<p><strong style=\"color: #fff;\">Cerveza, margaritas, vodka, soda, agua, hielo\u00a0<\/strong><\/p>\n\n\t\t<\/div>\n\t<\/div>\n<\/div><\/div><\/div><div class=\"wpb_column vc_column_container vc_col-sm-4\"><div class=\"vc_column-inner\"><div class=\"wpb_wrapper\">\n\t<div  class=\"wpb_single_image wpb_content_element vc_align_left\">\n\t\t\n\t\t<figure class=\"wpb_wrapper vc_figure\">\n\t\t\t<div class=\"vc_single_image-wrapper   vc_box_border_grey layzr-bg\"><img loading=\"lazy\" decoding=\"async\" width=\"1000\" height=\"750\" src=\"data:image\/svg+xml;charset=utf-8,%3Csvg xmlns%3D'http%3A%2F%2Fwww.w3.org%2F2000%2Fsvg' viewBox%3D'0 0 1000 750'%2F%3E\" data-src=\"https:\/\/caboyachtlife.com\/wp-content\/uploads\/2022\/02\/Attachment_1568300739.jpg\" class=\"lazy-load vc_single_image-img attachment-full\" alt=\"\" title=\"Attachment_1568300739\" data-srcset=\"https:\/\/caboyachtlife.com\/wp-content\/uploads\/2022\/02\/Attachment_1568300739.jpg 1000w, https:\/\/caboyachtlife.com\/wp-content\/uploads\/2022\/02\/Attachment_1568300739-300x225.jpg 300w, https:\/\/caboyachtlife.com\/wp-content\/uploads\/2022\/02\/Attachment_1568300739-768x576.jpg 768w, https:\/\/caboyachtlife.com\/wp-content\/uploads\/2022\/02\/Attachment_1568300739-610x458.jpg 610w\" sizes=\"auto, (max-width: 1000px) 100vw, 1000px\"  data-dt-location=\"https:\/\/caboyachtlife.com\/es\/service\/attachment_1568300739-2\/\" \/><\/div>\n\t\t<\/figure>\n\t<\/div>\n<h4 style=\"color: #ffffff;text-align: left\" class=\"vc_custom_heading vc_do_custom_heading\" >CABO YACHT LIFE CREW<\/h4>\n\t<div class=\"wpb_text_column wpb_content_element\" >\n\t\t<div class=\"wpb_wrapper\">\n\t\t\t<p><strong style=\"color: #fff;\">Tacos, papas fritas, salsa, guacamole, bocadillos<\/strong><\/p>\n\n\t\t<\/div>\n\t<\/div>\n<\/div><\/div><\/div><div class=\"wpb_column vc_column_container vc_col-sm-4\"><div class=\"vc_column-inner\"><div class=\"wpb_wrapper\">\n\t<div  class=\"wpb_single_image wpb_content_element vc_align_left\">\n\t\t\n\t\t<figure class=\"wpb_wrapper vc_figure\">\n\t\t\t<div class=\"vc_single_image-wrapper   vc_box_border_grey layzr-bg\"><img decoding=\"async\" class=\"lazy-load vc_single_image-img\" src=\"data:image\/svg+xml;charset=utf-8,%3Csvg xmlns%3D'http%3A%2F%2Fwww.w3.org%2F2000%2Fsvg' viewBox%3D'0 0 400 267'%2F%3E\" data-src=\"https:\/\/caboyachtlife.com\/wp-content\/uploads\/2019\/08\/b941fea0-22f3-4e13-801a-636e78bca0fd-400x267.jpg\" width=\"400\" height=\"267\" alt=\"b941fea0-22f3-4e13-801a-636e78bca0fd\" title=\"b941fea0-22f3-4e13-801a-636e78bca0fd\" loading=\"lazy\"  data-dt-location=\"https:\/\/caboyachtlife.com\/es\/b941fea0-22f3-4e13-801a-636e78bca0fd\/\" \/><\/div>\n\t\t<\/figure>\n\t<\/div>\n<h4 style=\"color: #ffffff;text-align: left\" class=\"vc_custom_heading vc_do_custom_heading\" >SALUD A LA LANGOSTA PARA 2 CON MOET CHAMPAGNE<\/h4>\n\t<div class=\"wpb_text_column wpb_content_element\" >\n\t\t<div class=\"wpb_wrapper\">\n\t\t\t<p><strong style=\"color: #fff;\">M\u00fasica, conecta tu tel\u00e9fono por bluetooth<\/strong><\/p>\n\n\t\t<\/div>\n\t<\/div>\n<\/div><\/div><\/div><\/div><div class=\"vc_row-full-width vc_clearfix\"><\/div><div data-vc-full-width=\"true\" data-vc-full-width-temp=\"true\" data-vc-full-width-init=\"false\" class=\"vc_row wpb_row vc_row-fluid bg-fixed vc_custom_1714246527229 vc_row-has-fill\"><div class=\"wpb_column vc_column_container vc_col-sm-4\"><div class=\"vc_column-inner\"><div class=\"wpb_wrapper\">\n\t<div  class=\"wpb_single_image wpb_content_element vc_align_left\">\n\t\t\n\t\t<figure class=\"wpb_wrapper vc_figure\">\n\t\t\t<div class=\"vc_single_image-wrapper   vc_box_border_grey layzr-bg\"><img loading=\"lazy\" decoding=\"async\" width=\"1280\" height=\"960\" src=\"data:image\/svg+xml;charset=utf-8,%3Csvg xmlns%3D'http%3A%2F%2Fwww.w3.org%2F2000%2Fsvg' viewBox%3D'0 0 1280 960'%2F%3E\" data-src=\"https:\/\/caboyachtlife.com\/wp-content\/uploads\/2019\/09\/Attachment_1568300634.jpeg\" class=\"lazy-load vc_single_image-img attachment-full\" alt=\"\" title=\"Attachment_1568300634\" data-srcset=\"https:\/\/caboyachtlife.com\/wp-content\/uploads\/2019\/09\/Attachment_1568300634.jpeg 1280w, https:\/\/caboyachtlife.com\/wp-content\/uploads\/2019\/09\/Attachment_1568300634-300x225.jpeg 300w, https:\/\/caboyachtlife.com\/wp-content\/uploads\/2019\/09\/Attachment_1568300634-768x576.jpeg 768w, https:\/\/caboyachtlife.com\/wp-content\/uploads\/2019\/09\/Attachment_1568300634-1024x768.jpeg 1024w, https:\/\/caboyachtlife.com\/wp-content\/uploads\/2019\/09\/Attachment_1568300634-610x458.jpeg 610w, https:\/\/caboyachtlife.com\/wp-content\/uploads\/2019\/09\/Attachment_1568300634-24x18.jpeg 24w, https:\/\/caboyachtlife.com\/wp-content\/uploads\/2019\/09\/Attachment_1568300634-36x27.jpeg 36w, https:\/\/caboyachtlife.com\/wp-content\/uploads\/2019\/09\/Attachment_1568300634-48x36.jpeg 48w\" sizes=\"auto, (max-width: 1280px) 100vw, 1280px\"  data-dt-location=\"https:\/\/caboyachtlife.com\/es\/cabo-yacht-life-team\/attachment_1568300634\/\" \/><\/div>\n\t\t<\/figure>\n\t<\/div>\n<h4 style=\"color: #ffffff;text-align: left\" class=\"vc_custom_heading vc_do_custom_heading\" >NUESTRO EQUIPO (CABO YACHT LIFE)<\/h4>\n\t<div class=\"wpb_text_column wpb_content_element\" >\n\t\t<div class=\"wpb_wrapper\">\n\t\t\t<p><strong style=\"color: #fff;\">Nuestro Capit\u00e1n\/Camarera una atracci\u00f3n y curiosidad por los barcos y el estilo de vida.\u00a0<\/strong><\/p>\n\n\t\t<\/div>\n\t<\/div>\n<\/div><\/div><\/div><div class=\"wpb_column vc_column_container vc_col-sm-4\"><div class=\"vc_column-inner\"><div class=\"wpb_wrapper\">\n\t<div  class=\"wpb_single_image wpb_content_element vc_align_left\">\n\t\t\n\t\t<figure class=\"wpb_wrapper vc_figure\">\n\t\t\t<div class=\"vc_single_image-wrapper   vc_box_border_grey layzr-bg\"><img loading=\"lazy\" decoding=\"async\" width=\"768\" height=\"1024\" src=\"data:image\/svg+xml;charset=utf-8,%3Csvg xmlns%3D'http%3A%2F%2Fwww.w3.org%2F2000%2Fsvg' viewBox%3D'0 0 768 1024'%2F%3E\" data-src=\"https:\/\/caboyachtlife.com\/wp-content\/uploads\/2019\/08\/bc05147e-7cbd-4078-ad2e-64befc0080111.jpg\" class=\"lazy-load vc_single_image-img attachment-full\" alt=\"\" title=\"bc05147e-7cbd-4078-ad2e-64befc008011(1)\" data-srcset=\"https:\/\/caboyachtlife.com\/wp-content\/uploads\/2019\/08\/bc05147e-7cbd-4078-ad2e-64befc0080111.jpg 768w, https:\/\/caboyachtlife.com\/wp-content\/uploads\/2019\/08\/bc05147e-7cbd-4078-ad2e-64befc0080111-225x300.jpg 225w, https:\/\/caboyachtlife.com\/wp-content\/uploads\/2019\/08\/bc05147e-7cbd-4078-ad2e-64befc0080111-610x813.jpg 610w\" sizes=\"auto, (max-width: 768px) 100vw, 768px\"  data-dt-location=\"https:\/\/caboyachtlife.com\/es\/bc05147e-7cbd-4078-ad2e-64befc0080111\/\" \/><\/div>\n\t\t<\/figure>\n\t<\/div>\n<h4 style=\"color: #ffffff;text-align: left\" class=\"vc_custom_heading vc_do_custom_heading\" >EN EL YATE<\/h4>\n\t<div class=\"wpb_text_column wpb_content_element\" >\n\t\t<div class=\"wpb_wrapper\">\n\t\t\t<p><strong style=\"color: #fff;\">Equipo de esn\u00f3rquel, balsas hinchables, gran plataforma de ba\u00f1o, ba\u00f1o limpio, sombreros para fotos, sol\u00e1rium, ducha de agua dulce<\/strong><\/p>\n\n\t\t<\/div>\n\t<\/div>\n<\/div><\/div><\/div><div class=\"wpb_column vc_column_container vc_col-sm-4\"><div class=\"vc_column-inner\"><div class=\"wpb_wrapper\">\n\t<div  class=\"wpb_single_image wpb_content_element vc_align_left\">\n\t\t\n\t\t<figure class=\"wpb_wrapper vc_figure\">\n\t\t\t<div class=\"vc_single_image-wrapper   vc_box_border_grey layzr-bg\"><img loading=\"lazy\" decoding=\"async\" width=\"1920\" height=\"1280\" src=\"data:image\/svg+xml;charset=utf-8,%3Csvg xmlns%3D'http%3A%2F%2Fwww.w3.org%2F2000%2Fsvg' viewBox%3D'0 0 1920 1280'%2F%3E\" data-src=\"https:\/\/caboyachtlife.com\/wp-content\/uploads\/2022\/06\/lux-charters-1f1UtJIjkTs-unsplash-1.jpg\" class=\"lazy-load vc_single_image-img attachment-full\" alt=\"Live Aboard Charters - Cabo Yacht Life\" title=\"Live Aboard Charters - Cabo Yacht Life\" data-srcset=\"https:\/\/caboyachtlife.com\/wp-content\/uploads\/2022\/06\/lux-charters-1f1UtJIjkTs-unsplash-1.jpg 1920w, https:\/\/caboyachtlife.com\/wp-content\/uploads\/2022\/06\/lux-charters-1f1UtJIjkTs-unsplash-1-300x200.jpg 300w, https:\/\/caboyachtlife.com\/wp-content\/uploads\/2022\/06\/lux-charters-1f1UtJIjkTs-unsplash-1-1024x683.jpg 1024w, https:\/\/caboyachtlife.com\/wp-content\/uploads\/2022\/06\/lux-charters-1f1UtJIjkTs-unsplash-1-768x512.jpg 768w, https:\/\/caboyachtlife.com\/wp-content\/uploads\/2022\/06\/lux-charters-1f1UtJIjkTs-unsplash-1-1536x1024.jpg 1536w, https:\/\/caboyachtlife.com\/wp-content\/uploads\/2022\/06\/lux-charters-1f1UtJIjkTs-unsplash-1-18x12.jpg 18w\" sizes=\"auto, (max-width: 1920px) 100vw, 1920px\"  data-dt-location=\"https:\/\/caboyachtlife.com\/es\/liveaboard\/lux-charters-1f1utjijkts-unsplash-1\/\" \/><\/div>\n\t\t<\/figure>\n\t<\/div>\n<h4 style=\"color: #ffffff;text-align: left\" class=\"vc_custom_heading vc_do_custom_heading\" >PROFESSIONAL PHOTOGRAPHY<\/h4>\n\t<div class=\"wpb_text_column wpb_content_element\" >\n\t\t<div class=\"wpb_wrapper\">\n\t\t\t<p><strong style=\"color: #fff;\">Elevate the experience with beautiful, high-quality images that capture the essence of the journey.<\/strong><\/p>\n<div style=\"color: #fff; margin-top: 15px;\">Available Packages:<\/div>\n<div style=\"color: #fff;\"><a href=\"\/wp-content\/uploads\/2024\/04\/Broucher-Cataleya.pdf\" target=\"_blank\" rel=\"noopener\">Cataleya<\/a><\/div>\n<div style=\"color: #fff;\"><a href=\"\/wp-content\/uploads\/2024\/04\/Broucher-Cabo-Yacht-Life.pdf\" target=\"_blank\" rel=\"noopener\">Sea Ray Sundancer<\/a><\/div>\n<div style=\"color: #fff;\"><a href=\"\/wp-content\/uploads\/2024\/04\/Broucher-Opulence.pdf\" target=\"_blank\" rel=\"noopener\">Opulence<\/a><\/div>\n\n\t\t<\/div>\n\t<\/div>\n<\/div><\/div><\/div><\/div><div class=\"vc_row-full-width vc_clearfix\"><\/div><\/section><div class=\"vc_row-full-width vc_clearfix\"><\/div><div class=\"vc_row wpb_row vc_row-fluid vc_custom_1714247771944\"><div class=\"wpb_column vc_column_container vc_col-sm-12\"><div class=\"vc_column-inner\"><div class=\"wpb_wrapper\"><div class=\"vc_custom_1667928325621 ubtn-ctn-center padrl\"><a class=\"ubtn-link ult-adjust-bottom-margin ubtn-center ubtn-normal padrl\" href=\"\/es\/our-fleet\/\" title=\"Ver nuestra flota\" ><button type=\"button\" id=\"ubtn-7849\"  class=\"ubtn ult-adjust-bottom-margin ult-responsive ubtn-normal ubtn-no-hover-bg  none  ubtn-center   tooltip-69e3ac197993f\"  data-hover=\"\" data-border-color=\"\" data-bg=\"#0f5380\" data-hover-bg=\"\" data-border-hover=\"\" data-shadow-hover=\"\" data-shadow-click=\"none\" data-shadow=\"\" data-shd-shadow=\"\"  data-ultimate-target='#ubtn-7849'  data-responsive-json-new='{\"font-size\":\"desktop:25px;\",\"line-height\":\"desktop:25px;\"}'  style=\"font-weight:bold;border:none;background: #0f5380;color: #ffffff;\"><span class=\"ubtn-hover\" style=\"background-color:\"><\/span><span class=\"ubtn-data ubtn-text\" >VIEW OUR FLEET<\/span><\/button><\/a><\/div><\/div><\/div><\/div><\/div><section data-vc-full-width=\"true\" data-vc-full-width-temp=\"true\" data-vc-full-width-init=\"false\" class=\"vc_section vc_custom_1646560000981 vc_section-o-content-middle vc_section-flex\"><div data-vc-full-width=\"true\" data-vc-full-width-temp=\"true\" data-vc-full-width-init=\"false\" class=\"vc_row wpb_row vc_row-fluid vc_custom_1646501671980 vc_row-has-fill vc_row-o-equal-height vc_row-o-content-middle vc_row-flex\"><div class=\"wpb_column vc_column_container vc_col-sm-1\"><div class=\"vc_column-inner\"><div class=\"wpb_wrapper\"><\/div><\/div><\/div><div class=\"wpb_column vc_column_container vc_col-sm-5\"><div class=\"vc_column-inner\"><div class=\"wpb_wrapper\"><h2 style=\"font-size: 40px;color: #ffffff;line-height: 40px;text-align: center\" class=\"vc_custom_heading vc_do_custom_heading less_letterspacing wpb_animate_when_almost_visible wpb_slideInLeft slideInLeft vc_custom_1646564109297\" >\u00bfC\u00f3mo podemos ayudar?<\/h2><\/div><\/div><\/div><div class=\"wpb_column vc_column_container vc_col-sm-5\"><div class=\"vc_column-inner\"><div class=\"wpb_wrapper\"><div class=\"vc_btn3-container  contact-button  wpb_animate_when_almost_visible wpb_slideInRight slideInRight vc_btn3-center\" ><a style=\"background-color:#ffffff; color:#000000;\" class=\"vc_general vc_btn3 vc_btn3-size-lg vc_btn3-shape-square vc_btn3-style-custom vc_btn3-block\" href=\"\/es\/contact-us\/\" title=\"\" onclick=\"\/contact-us\/\">Cont\u00e1ctanos ahora<\/a><\/div><\/div><\/div><\/div><div class=\"wpb_column vc_column_container vc_col-sm-1\"><div class=\"vc_column-inner\"><div class=\"wpb_wrapper\"><\/div><\/div><\/div><\/div><div class=\"vc_row-full-width vc_clearfix\"><\/div><div class=\"vc_row wpb_row vc_row-fluid mobile_column_marg vc_custom_1646515731301 vc_row-o-content-middle vc_row-flex\"><div class=\"h10 wpb_column vc_column_container vc_col-sm-2\"><div class=\"vc_column-inner vc_custom_1646515782109\"><div class=\"wpb_wrapper\"><\/div><\/div><\/div><div class=\"wpb_column vc_column_container vc_col-sm-8\"><div class=\"vc_column-inner\"><div class=\"wpb_wrapper\"><h2 style=\"font-size: 40px;color: #000000;text-align: center\" class=\"vc_custom_heading vc_do_custom_heading\" >N\u00famero gratuito de EE. UU.<\/h2><h2 style=\"font-size: 80px;color: #000000;line-height: 80px;text-align: center\" class=\"vc_custom_heading vc_do_custom_heading text-shadow mobiletitle40 vc_custom_1646515144554\" >+1 800-997-1688<\/h2><div style=\"font-size: 30px;color: #000000;line-height: 40px;text-align: center\" class=\"vc_custom_heading vc_do_custom_heading inline-block\" >Personal de habla inglesa<br \/>\nN\u00famero Local Cabo:<\/div><div style=\"font-size: 30px;color: #000000;line-height: 40px;text-align: center\" class=\"vc_custom_heading vc_do_custom_heading inline-block\" >624-980-0514<\/div><div class=\"vc_row wpb_row vc_inner vc_row-fluid vc_custom_1647198467866\"><div class=\"wpb_column vc_column_container vc_col-sm-2\"><div class=\"vc_column-inner\"><div class=\"wpb_wrapper\"><\/div><\/div><\/div><div class=\"wpb_column vc_column_container vc_col-sm-8\"><div class=\"vc_column-inner\"><div class=\"wpb_wrapper\"><div class=\"vc_btn3-container  contact-button  wpb_animate_when_almost_visible wpb_slideInRight slideInRight vc_btn3-center\" ><a style=\"background-color:#1e73be; color:#ffffff;\" class=\"vc_general vc_btn3 vc_btn3-size-lg vc_btn3-shape-square vc_btn3-style-custom vc_btn3-block\" href=\"https:\/\/book.peek.com\/s\/bdcff2d8-b129-4c46-bbc2-8af09c2ed893\/8O3Kl\" title=\"\" onclick=\"\/contact-us\/\">RESERVAR AHORA<\/a><\/div><\/div><\/div><\/div><div class=\"wpb_column vc_column_container vc_col-sm-2\"><div class=\"vc_column-inner\"><div class=\"wpb_wrapper\"><\/div><\/div><\/div><\/div><\/div><\/div><\/div><div class=\"h10 wpb_column vc_column_container vc_col-sm-2\"><div class=\"vc_column-inner\"><div class=\"wpb_wrapper\"><\/div><\/div><\/div><\/div><\/section><div class=\"vc_row-full-width vc_clearfix\"><\/div>\n<\/div>","protected":false},"excerpt":{"rendered":"<p>CABO YACHT LIFE SERVICE CENTER Cabo Yacht Life takes VIP yachting service to another\u00a0level. Sit back, relax and let us&hellip;<\/p>","protected":false},"author":1,"featured_media":0,"parent":0,"menu_order":0,"comment_status":"closed","ping_status":"closed","template":"","meta":{"footnotes":""},"class_list":["post-546","page","type-page","status-publish","hentry","description-off"],"yoast_head":"<!-- This site is optimized with the Yoast SEO plugin v27.3 - https:\/\/yoast.com\/product\/yoast-seo-wordpress\/ -->\n<title>Services and Packages - Cabo Yacht Life<\/title>\n<meta name=\"description\" content=\"Service, service, and more service! Our luxury yacht charter guests expect the very best. The entire Cabo Yacht Life team goes the extra mile.\" \/>\n<meta name=\"robots\" content=\"index, follow, max-snippet:-1, max-image-preview:large, max-video-preview:-1\" \/>\n<link rel=\"canonical\" href=\"https:\/\/caboyachtlife.com\/es\/service\/\" \/>\n<meta property=\"og:locale\" content=\"es_MX\" \/>\n<meta property=\"og:type\" content=\"article\" \/>\n<meta property=\"og:title\" content=\"Services and Packages - Cabo Yacht Life\" \/>\n<meta property=\"og:description\" content=\"Service, service, and more service! Our luxury yacht charter guests expect the very best. The entire Cabo Yacht Life team goes the extra mile.\" \/>\n<meta property=\"og:url\" content=\"https:\/\/caboyachtlife.com\/es\/service\/\" \/>\n<meta property=\"og:site_name\" content=\"Cabo Yacht Life\" \/>\n<meta property=\"article:modified_time\" content=\"2025-11-13T15:02:00+00:00\" \/>\n<meta name=\"twitter:card\" content=\"summary_large_image\" \/>\n<meta name=\"twitter:label1\" content=\"Tiempo de lectura\" \/>\n\t<meta name=\"twitter:data1\" content=\"2 minutos\" \/>\n<script type=\"application\/ld+json\" class=\"yoast-schema-graph\">{\"@context\":\"https:\\\/\\\/schema.org\",\"@graph\":[{\"@type\":\"WebPage\",\"@id\":\"https:\\\/\\\/caboyachtlife.com\\\/service\\\/\",\"url\":\"https:\\\/\\\/caboyachtlife.com\\\/service\\\/\",\"name\":\"Services and Packages - Cabo Yacht Life\",\"isPartOf\":{\"@id\":\"https:\\\/\\\/caboyachtlife.com\\\/#website\"},\"datePublished\":\"2015-11-05T06:03:59+00:00\",\"dateModified\":\"2025-11-13T15:02:00+00:00\",\"description\":\"Service, service, and more service! Our luxury yacht charter guests expect the very best. The entire Cabo Yacht Life team goes the extra mile.\",\"breadcrumb\":{\"@id\":\"https:\\\/\\\/caboyachtlife.com\\\/service\\\/#breadcrumb\"},\"inLanguage\":\"es\",\"potentialAction\":[{\"@type\":\"ReadAction\",\"target\":[\"https:\\\/\\\/caboyachtlife.com\\\/service\\\/\"]}]},{\"@type\":\"BreadcrumbList\",\"@id\":\"https:\\\/\\\/caboyachtlife.com\\\/service\\\/#breadcrumb\",\"itemListElement\":[{\"@type\":\"ListItem\",\"position\":1,\"name\":\"Home\",\"item\":\"https:\\\/\\\/caboyachtlife.com\\\/\"},{\"@type\":\"ListItem\",\"position\":2,\"name\":\"Services and Packages\"}]},{\"@type\":\"WebSite\",\"@id\":\"https:\\\/\\\/caboyachtlife.com\\\/#website\",\"url\":\"https:\\\/\\\/caboyachtlife.com\\\/\",\"name\":\"Cabo Yacht Life\",\"description\":\"Luxury Yacht Charters Cabo San Lucas\",\"publisher\":{\"@id\":\"https:\\\/\\\/caboyachtlife.com\\\/#organization\"},\"potentialAction\":[{\"@type\":\"SearchAction\",\"target\":{\"@type\":\"EntryPoint\",\"urlTemplate\":\"https:\\\/\\\/caboyachtlife.com\\\/?s={search_term_string}\"},\"query-input\":{\"@type\":\"PropertyValueSpecification\",\"valueRequired\":true,\"valueName\":\"search_term_string\"}}],\"inLanguage\":\"es\"},{\"@type\":\"Organization\",\"@id\":\"https:\\\/\\\/caboyachtlife.com\\\/#organization\",\"name\":\"Cabo Yacht Life Charters\",\"url\":\"https:\\\/\\\/caboyachtlife.com\\\/\",\"logo\":{\"@type\":\"ImageObject\",\"inLanguage\":\"es\",\"@id\":\"https:\\\/\\\/caboyachtlife.com\\\/#\\\/schema\\\/logo\\\/image\\\/\",\"url\":\"https:\\\/\\\/caboyachtlife.com\\\/wp-content\\\/uploads\\\/2018\\\/02\\\/logo.png\",\"contentUrl\":\"https:\\\/\\\/caboyachtlife.com\\\/wp-content\\\/uploads\\\/2018\\\/02\\\/logo.png\",\"width\":1002,\"height\":500,\"caption\":\"Cabo Yacht Life Charters\"},\"image\":{\"@id\":\"https:\\\/\\\/caboyachtlife.com\\\/#\\\/schema\\\/logo\\\/image\\\/\"}}]}<\/script>\n<!-- \/ Yoast SEO plugin. -->","yoast_head_json":{"title":"Services and Packages - Cabo Yacht Life","description":"Service, service, and more service! Our luxury yacht charter guests expect the very best. The entire Cabo Yacht Life team goes the extra mile.","robots":{"index":"index","follow":"follow","max-snippet":"max-snippet:-1","max-image-preview":"max-image-preview:large","max-video-preview":"max-video-preview:-1"},"canonical":"https:\/\/caboyachtlife.com\/es\/service\/","og_locale":"es_MX","og_type":"article","og_title":"Services and Packages - Cabo Yacht Life","og_description":"Service, service, and more service! Our luxury yacht charter guests expect the very best. The entire Cabo Yacht Life team goes the extra mile.","og_url":"https:\/\/caboyachtlife.com\/es\/service\/","og_site_name":"Cabo Yacht Life","article_modified_time":"2025-11-13T15:02:00+00:00","twitter_card":"summary_large_image","twitter_misc":{"Tiempo de lectura":"2 minutos"},"schema":{"@context":"https:\/\/schema.org","@graph":[{"@type":"WebPage","@id":"https:\/\/caboyachtlife.com\/service\/","url":"https:\/\/caboyachtlife.com\/service\/","name":"Services and Packages - Cabo Yacht Life","isPartOf":{"@id":"https:\/\/caboyachtlife.com\/#website"},"datePublished":"2015-11-05T06:03:59+00:00","dateModified":"2025-11-13T15:02:00+00:00","description":"Service, service, and more service! Our luxury yacht charter guests expect the very best. The entire Cabo Yacht Life team goes the extra mile.","breadcrumb":{"@id":"https:\/\/caboyachtlife.com\/service\/#breadcrumb"},"inLanguage":"es","potentialAction":[{"@type":"ReadAction","target":["https:\/\/caboyachtlife.com\/service\/"]}]},{"@type":"BreadcrumbList","@id":"https:\/\/caboyachtlife.com\/service\/#breadcrumb","itemListElement":[{"@type":"ListItem","position":1,"name":"Home","item":"https:\/\/caboyachtlife.com\/"},{"@type":"ListItem","position":2,"name":"Services and Packages"}]},{"@type":"WebSite","@id":"https:\/\/caboyachtlife.com\/#website","url":"https:\/\/caboyachtlife.com\/","name":"Cabo Yacht Vida","description":"Alquiler de Yates de Lujo Cabo San Lucas","publisher":{"@id":"https:\/\/caboyachtlife.com\/#organization"},"potentialAction":[{"@type":"SearchAction","target":{"@type":"EntryPoint","urlTemplate":"https:\/\/caboyachtlife.com\/?s={search_term_string}"},"query-input":{"@type":"PropertyValueSpecification","valueRequired":true,"valueName":"search_term_string"}}],"inLanguage":"es"},{"@type":"Organization","@id":"https:\/\/caboyachtlife.com\/#organization","name":"Cabo Yacht Life Charters","url":"https:\/\/caboyachtlife.com\/","logo":{"@type":"ImageObject","inLanguage":"es","@id":"https:\/\/caboyachtlife.com\/#\/schema\/logo\/image\/","url":"https:\/\/caboyachtlife.com\/wp-content\/uploads\/2018\/02\/logo.png","contentUrl":"https:\/\/caboyachtlife.com\/wp-content\/uploads\/2018\/02\/logo.png","width":1002,"height":500,"caption":"Cabo Yacht Life Charters"},"image":{"@id":"https:\/\/caboyachtlife.com\/#\/schema\/logo\/image\/"}}]}},"_links":{"self":[{"href":"https:\/\/caboyachtlife.com\/es\/wp-json\/wp\/v2\/pages\/546","targetHints":{"allow":["GET"]}}],"collection":[{"href":"https:\/\/caboyachtlife.com\/es\/wp-json\/wp\/v2\/pages"}],"about":[{"href":"https:\/\/caboyachtlife.com\/es\/wp-json\/wp\/v2\/types\/page"}],"author":[{"embeddable":true,"href":"https:\/\/caboyachtlife.com\/es\/wp-json\/wp\/v2\/users\/1"}],"replies":[{"embeddable":true,"href":"https:\/\/caboyachtlife.com\/es\/wp-json\/wp\/v2\/comments?post=546"}],"version-history":[{"count":34,"href":"https:\/\/caboyachtlife.com\/es\/wp-json\/wp\/v2\/pages\/546\/revisions"}],"predecessor-version":[{"id":5983,"href":"https:\/\/caboyachtlife.com\/es\/wp-json\/wp\/v2\/pages\/546\/revisions\/5983"}],"wp:attachment":[{"href":"https:\/\/caboyachtlife.com\/es\/wp-json\/wp\/v2\/media?parent=546"}],"curies":[{"name":"wp","href":"https:\/\/api.w.org\/{rel}","templated":true}]}}